{"id":12,"date":"2019-09-23T17:51:45","date_gmt":"2019-09-23T17:51:45","guid":{"rendered":"https:\/\/tactility-h2020.eu\/?page_id=12"},"modified":"2019-10-28T08:54:46","modified_gmt":"2019-10-28T08:54:46","slug":"contact","status":"publish","type":"page","link":"https:\/\/tactility-h2020.eu\/index.php\/contact\/","title":{"rendered":"Contact"},"content":{"rendered":"<p>To get further information about this project, please contact the dissemination leader:<\/p>\n<p>Rosa Mar\u00eda Ba\u00f1os, Ph.D.<br \/>\nFull Professor of Psychopathology<br \/>\nDpto. Personalidad, Evaluaci\u00f3n y Tratamientos Psicol\u00f3gicos<br \/>\nFacultad de Psicolog\u00eda. Universitat de Val\u00e8ncia<br \/>\nAvda. Blasco Ib\u00e1\u00f1ez, 21, 46010-Valencia (Spain)<br \/>\n<a href=\"mailto:info@tactility-h2020.eu\">info ( at ) tactility-h2020.eu<\/a><\/p>\n<p>&nbsp;<\/p>\n","protected":false},"excerpt":{"rendered":"<p>To get further information about this project, please contact the dissemination leader: Rosa Mar\u00eda Ba\u00f1os, Ph.D. Full Professor of Psychopathology Dpto. Personalidad, Evaluaci\u00f3n y Tratamientos Psicol\u00f3gicos Facultad de Psicolog\u00eda. Universitat de Val\u00e8ncia Avda. Blasco Ib\u00e1\u00f1ez, 21, 46010-Valencia (Spain) info ( at ) tactility-h2020.eu &nbsp;<\/p>\n","protected":false},"author":1,"featured_media":0,"parent":0,"menu_order":0,"comment_status":"closed","ping_status":"closed","template":"","meta":{"footnotes":""},"class_list":["post-12","page","type-page","status-publish","hentry"],"_links":{"self":[{"href":"https:\/\/tactility-h2020.eu\/index.php\/wp-json\/wp\/v2\/pages\/12","targetHints":{"allow":["GET"]}}],"collection":[{"href":"https:\/\/tactility-h2020.eu\/index.php\/wp-json\/wp\/v2\/pages"}],"about":[{"href":"https:\/\/tactility-h2020.eu\/index.php\/wp-json\/wp\/v2\/types\/page"}],"author":[{"embeddable":true,"href":"https:\/\/tactility-h2020.eu\/index.php\/wp-json\/wp\/v2\/users\/1"}],"replies":[{"embeddable":true,"href":"https:\/\/tactility-h2020.eu\/index.php\/wp-json\/wp\/v2\/comments?post=12"}],"version-history":[{"count":4,"href":"https:\/\/tactility-h2020.eu\/index.php\/wp-json\/wp\/v2\/pages\/12\/revisions"}],"predecessor-version":[{"id":98,"href":"https:\/\/tactility-h2020.eu\/index.php\/wp-json\/wp\/v2\/pages\/12\/revisions\/98"}],"wp:attachment":[{"href":"https:\/\/tactility-h2020.eu\/index.php\/wp-json\/wp\/v2\/media?parent=12"}],"curies":[{"name":"wp","href":"https:\/\/api.w.org\/{rel}","templated":true}]}}