{"id":104,"date":"2020-03-30T08:18:09","date_gmt":"2020-03-30T08:18:09","guid":{"rendered":"https:\/\/tactility-h2020.eu\/?page_id=104"},"modified":"2021-10-26T18:00:16","modified_gmt":"2021-10-26T18:00:16","slug":"tecnalia","status":"publish","type":"page","link":"https:\/\/tactility-h2020.eu\/index.php\/tecnalia\/","title":{"rendered":"TECNALIA"},"content":{"rendered":"<p><img loading=\"lazy\" decoding=\"async\" class=\"alignnone wp-image-349 \" src=\"https:\/\/tactility-h2020.eu\/wp-content\/uploads\/2021\/10\/RGB_LOGO-TECNALIA_BRT-1024x576.png\" alt=\"\" width=\"290\" height=\"163\" srcset=\"https:\/\/tactility-h2020.eu\/wp-content\/uploads\/2021\/10\/RGB_LOGO-TECNALIA_BRT-1024x576.png 1024w, https:\/\/tactility-h2020.eu\/wp-content\/uploads\/2021\/10\/RGB_LOGO-TECNALIA_BRT-300x169.png 300w, https:\/\/tactility-h2020.eu\/wp-content\/uploads\/2021\/10\/RGB_LOGO-TECNALIA_BRT-768x432.png 768w, https:\/\/tactility-h2020.eu\/wp-content\/uploads\/2021\/10\/RGB_LOGO-TECNALIA_BRT-1536x864.png 1536w, https:\/\/tactility-h2020.eu\/wp-content\/uploads\/2021\/10\/RGB_LOGO-TECNALIA_BRT.png 1920w\" sizes=\"auto, (max-width: 290px) 100vw, 290px\" \/><\/p>\n<p>Fundaci\u00f3n TECNALIA Research &amp; Innovation (<a href=\"http:\/\/www.tecnalia.com\">www.tecnalia.com<\/a>) is a private, independent, nonprofit applied research centre of international excellence. TECNALIA is the leading private and independent research and technology organisation in Spain and one of the largest in Europe, employing around 1,300 people (280 PhDs) and with an income of 108 Million \u20ac in 2019.<br \/>\nTECNALIA has one goal: to transform technology into GDP, meaning wealth to improve people\u2019s quality of life through generation of business opportunities for industry. TECNALIA is committed to generate major impacts in economic terms, by means of innovation and technological development, addressed by seven business divisions covering the economic sectors of Energy, Environment, Industry, Transport, Construction, Health and ICT. TECNALIA has been granted over 483 patents and promoted more than 30 spin-off companies.<br \/>\nTECNALIA is a key agent in the ERA &#8211; European Research Area. TECNALIA actively participates in the governing bodies of several European Technology Platforms, PPPs and JTIs (EEB, FOF, SPIRE, ARTEMIS, among others).<br \/>\nTECNALIA is a member of EARTO and of EUROTECH, linking together the most important research organisations in Europe.<br \/>\nThe Health Division of TECNALIA co-leads the Spanish working group in Regenerative Medicine, and is part of the excellence group of the Health Ministry, called CIBER-BBN (Centros de Investigaci\u00f3n Biom\u00e9dica en Red &#8211; Bioingenier\u00eda, Biomateriales y Nanomedicina).<\/p>\n<p>TECNALIA is the coordinator of the TACTILITY project and leads work package 7. TECNALIA is a global leader in design and development of multi-pad electrodes, which a key technology in the innovative interactive solution that will be developed in TACTILITY project. TECNALIA is responsible for the integration and technical validation of the TACTILITY prototypes. Furthermore, it has a leading role in hardware development of the electrotactile stimulation system , and contributes to several tasks in other WPs.<\/p>\n<p>Website: <a href=\"https:\/\/www.tecnalia.com\/en\/health\/\">https:\/\/www.tecnalia.com\/en\/health\/<\/a><\/p>\n<p>Social Media:<br \/>\n<a href=\"http:\/\/blogs.tecnalia.com\/inspiring-blog\/category\/salud\/\">http:\/\/blogs.tecnalia.com\/inspiring-blog\/category\/salud\/<\/a><br \/>\n<a href=\"https:\/\/www.youtube.com\/user\/tecnaliaTV\"><i class=\"fa fa-youtube\"><\/i>https:\/\/www.youtube.com\/user\/tecnaliaTV<\/a><br \/>\n<a href=\"https:\/\/twitter.com\/tecnalia\"><i class=\"fa fa-twitter\"><\/i>https:\/\/twitter.com\/tecnalia<\/a><\/p>\n","protected":false},"excerpt":{"rendered":"<p>Fundaci\u00f3n TECNALIA Research &amp; Innovation (www.tecnalia.com) is a private, independent, nonprofit applied research centre of international excellence. TECNALIA is the leading private and independent research and technology organisation in Spain and one of the largest in Europe, employing around 1,300 people (280 PhDs) and with an income of 108 Million \u20ac in 2019. TECNALIA has &hellip; <\/p>\n<p class=\"link-more\"><a href=\"https:\/\/tactility-h2020.eu\/index.php\/tecnalia\/\" class=\"more-link\">Continue reading<span class=\"screen-reader-text\"> &#8220;TECNALIA&#8221;<\/span><\/a><\/p>\n","protected":false},"author":1,"featured_media":0,"parent":0,"menu_order":0,"comment_status":"closed","ping_status":"closed","template":"","meta":{"footnotes":""},"class_list":["post-104","page","type-page","status-publish","hentry"],"_links":{"self":[{"href":"https:\/\/tactility-h2020.eu\/index.php\/wp-json\/wp\/v2\/pages\/104","targetHints":{"allow":["GET"]}}],"collection":[{"href":"https:\/\/tactility-h2020.eu\/index.php\/wp-json\/wp\/v2\/pages"}],"about":[{"href":"https:\/\/tactility-h2020.eu\/index.php\/wp-json\/wp\/v2\/types\/page"}],"author":[{"embeddable":true,"href":"https:\/\/tactility-h2020.eu\/index.php\/wp-json\/wp\/v2\/users\/1"}],"replies":[{"embeddable":true,"href":"https:\/\/tactility-h2020.eu\/index.php\/wp-json\/wp\/v2\/comments?post=104"}],"version-history":[{"count":6,"href":"https:\/\/tactility-h2020.eu\/index.php\/wp-json\/wp\/v2\/pages\/104\/revisions"}],"predecessor-version":[{"id":350,"href":"https:\/\/tactility-h2020.eu\/index.php\/wp-json\/wp\/v2\/pages\/104\/revisions\/350"}],"wp:attachment":[{"href":"https:\/\/tactility-h2020.eu\/index.php\/wp-json\/wp\/v2\/media?parent=104"}],"curies":[{"name":"wp","href":"https:\/\/api.w.org\/{rel}","templated":true}]}}